{"id":15,"date":"2021-02-23T10:07:14","date_gmt":"2021-02-23T10:07:14","guid":{"rendered":"https:\/\/aij.ee\/contact\/"},"modified":"2026-02-11T07:03:54","modified_gmt":"2026-02-11T07:03:54","slug":"contact","status":"publish","type":"page","link":"https:\/\/aij.ee\/sv\/contact\/","title":{"rendered":"Kontakt"},"content":{"rendered":"\t\t<div data-elementor-type=\"wp-page\" data-elementor-id=\"15\" class=\"elementor elementor-15\">\n\t\t\t\t\t\t<section class=\"elementor-section elementor-top-section elementor-element elementor-element-486db2d elementor-section-height-min-height elementor-section-boxed elementor-section-height-default elementor-section-items-middle\" data-id=\"486db2d\" data-element_type=\"section\" data-e-type=\"section\" data-settings=\"{&quot;background_background&quot;:&quot;classic&quot;}\">\n\t\t\t\t\t\t\t<div class=\"elementor-background-overlay\"><\/div>\n\t\t\t\t\t\t\t<div class=\"elementor-container elementor-column-gap-no\">\n\t\t\t\t\t<div class=\"elementor-column elementor-col-100 elementor-top-column elementor-element elementor-element-b92903e\" data-id=\"b92903e\" data-element_type=\"column\" data-e-type=\"column\">\n\t\t\t<div class=\"elementor-widget-wrap elementor-element-populated\">\n\t\t\t\t\t\t<section class=\"elementor-section elementor-inner-section elementor-element elementor-element-6b38473 elementor-section-boxed elementor-section-height-default elementor-section-height-default\" data-id=\"6b38473\" data-element_type=\"section\" data-e-type=\"section\">\n\t\t\t\t\t\t<div class=\"elementor-container elementor-column-gap-no\">\n\t\t\t\t\t<div class=\"elementor-column elementor-col-100 elementor-inner-column elementor-element elementor-element-bbd1f2d\" data-id=\"bbd1f2d\" data-element_type=\"column\" data-e-type=\"column\">\n\t\t\t<div class=\"elementor-widget-wrap elementor-element-populated\">\n\t\t\t\t\t\t<div class=\"elementor-element elementor-element-4591dd2 elementor-widget elementor-widget-heading\" data-id=\"4591dd2\" data-element_type=\"widget\" data-e-type=\"widget\" data-widget_type=\"heading.default\">\n\t\t\t\t<div class=\"elementor-widget-container\">\n\t\t\t\t\t<h1 class=\"elementor-heading-title elementor-size-default\">Kontakt<\/h1>\t\t\t\t<\/div>\n\t\t\t\t<\/div>\n\t\t\t\t\t<\/div>\n\t\t<\/div>\n\t\t\t\t\t<\/div>\n\t\t<\/section>\n\t\t\t\t\t<\/div>\n\t\t<\/div>\n\t\t\t\t\t<\/div>\n\t\t<\/section>\n\t\t\t\t<section class=\"elementor-section elementor-top-section elementor-element elementor-element-cbc2f61 elementor-section-boxed elementor-section-height-default elementor-section-height-default\" data-id=\"cbc2f61\" data-element_type=\"section\" data-e-type=\"section\" data-settings=\"{&quot;background_background&quot;:&quot;classic&quot;}\">\n\t\t\t\t\t\t\t<div class=\"elementor-background-overlay\"><\/div>\n\t\t\t\t\t\t\t<div class=\"elementor-container elementor-column-gap-no\">\n\t\t\t\t\t<div class=\"elementor-column elementor-col-100 elementor-top-column elementor-element elementor-element-e498eb5\" data-id=\"e498eb5\" data-element_type=\"column\" data-e-type=\"column\">\n\t\t\t<div class=\"elementor-widget-wrap elementor-element-populated\">\n\t\t\t\t\t\t<section class=\"elementor-section elementor-inner-section elementor-element elementor-element-61c16c9 elementor-section-boxed elementor-section-height-default elementor-section-height-default\" data-id=\"61c16c9\" data-element_type=\"section\" data-e-type=\"section\">\n\t\t\t\t\t\t<div class=\"elementor-container elementor-column-gap-no\">\n\t\t\t\t\t<div class=\"elementor-column elementor-col-100 elementor-inner-column elementor-element elementor-element-98c56e3\" data-id=\"98c56e3\" data-element_type=\"column\" data-e-type=\"column\">\n\t\t\t<div class=\"elementor-widget-wrap elementor-element-populated\">\n\t\t\t\t\t\t<div class=\"elementor-element elementor-element-0165768 elementor-widget elementor-widget-heading\" data-id=\"0165768\" data-element_type=\"widget\" data-e-type=\"widget\" data-widget_type=\"heading.default\">\n\t\t\t\t<div class=\"elementor-widget-container\">\n\t\t\t\t\t<h2 class=\"elementor-heading-title elementor-size-default\">K\u00f5ige tihedam vihm sajab ikka katkise katusega maja kohal<\/h2>\t\t\t\t<\/div>\n\t\t\t\t<\/div>\n\t\t\t\t\t<\/div>\n\t\t<\/div>\n\t\t\t\t\t<\/div>\n\t\t<\/section>\n\t\t\t\t<section class=\"elementor-section elementor-inner-section elementor-element elementor-element-2b25d9e elementor-section-boxed elementor-section-height-default elementor-section-height-default\" data-id=\"2b25d9e\" data-element_type=\"section\" data-e-type=\"section\">\n\t\t\t\t\t\t<div class=\"elementor-container elementor-column-gap-no\">\n\t\t\t\t\t<div class=\"elementor-column elementor-col-33 elementor-inner-column elementor-element elementor-element-433dde3\" data-id=\"433dde3\" data-element_type=\"column\" data-e-type=\"column\">\n\t\t\t<div class=\"elementor-widget-wrap elementor-element-populated\">\n\t\t\t\t\t\t<div class=\"elementor-element elementor-element-ac78d18 elementor-widget-divider--view-line elementor-widget elementor-widget-divider\" data-id=\"ac78d18\" data-element_type=\"widget\" data-e-type=\"widget\" data-widget_type=\"divider.default\">\n\t\t\t\t<div class=\"elementor-widget-container\">\n\t\t\t\t\t\t\t<div class=\"elementor-divider\">\n\t\t\t<span class=\"elementor-divider-separator\">\n\t\t\t\t\t\t<\/span>\n\t\t<\/div>\n\t\t\t\t\t\t<\/div>\n\t\t\t\t<\/div>\n\t\t\t\t<div class=\"elementor-element elementor-element-b10b4cb elementor-widget elementor-widget-heading\" data-id=\"b10b4cb\" data-element_type=\"widget\" data-e-type=\"widget\" data-widget_type=\"heading.default\">\n\t\t\t\t<div class=\"elementor-widget-container\">\n\t\t\t\t\t<h3 class=\"elementor-heading-title elementor-size-default\">V\u00f5ta \u00fchendust<\/h3>\t\t\t\t<\/div>\n\t\t\t\t<\/div>\n\t\t\t\t<div class=\"elementor-element elementor-element-61f1c51 elementor-mobile-align-center elementor-icon-list--layout-traditional elementor-list-item-link-full_width elementor-widget elementor-widget-icon-list\" data-id=\"61f1c51\" data-element_type=\"widget\" data-e-type=\"widget\" data-widget_type=\"icon-list.default\">\n\t\t\t\t<div class=\"elementor-widget-container\">\n\t\t\t\t\t\t\t<ul class=\"elementor-icon-list-items\">\n\t\t\t\t\t\t\t<li class=\"elementor-icon-list-item\">\n\t\t\t\t\t\t\t\t\t\t\t<span class=\"elementor-icon-list-icon\">\n\t\t\t\t\t\t\t<i aria-hidden=\"true\" class=\"fas fa-phone-alt\"><\/i>\t\t\t\t\t\t<\/span>\n\t\t\t\t\t\t\t\t\t\t<span class=\"elementor-icon-list-text\">+372 56465295 \/ +372 56722970<\/span>\n\t\t\t\t\t\t\t\t\t<\/li>\n\t\t\t\t\t\t\t\t<li class=\"elementor-icon-list-item\">\n\t\t\t\t\t\t\t\t\t\t\t<a href=\"#\">\n\n\t\t\t\t\t\t\t\t\t\t\t\t<span class=\"elementor-icon-list-icon\">\n\t\t\t\t\t\t\t<i aria-hidden=\"true\" class=\"fas fa-envelope\"><\/i>\t\t\t\t\t\t<\/span>\n\t\t\t\t\t\t\t\t\t\t<span class=\"elementor-icon-list-text\">info@aij.ee<\/span>\n\t\t\t\t\t\t\t\t\t\t\t<\/a>\n\t\t\t\t\t\t\t\t\t<\/li>\n\t\t\t\t\t\t\t\t<li class=\"elementor-icon-list-item\">\n\t\t\t\t\t\t\t\t\t\t\t<a href=\"#\">\n\n\t\t\t\t\t\t\t\t\t\t\t\t<span class=\"elementor-icon-list-icon\">\n\t\t\t\t\t\t\t<i aria-hidden=\"true\" class=\"fas fa-map-marker-alt\"><\/i>\t\t\t\t\t\t<\/span>\n\t\t\t\t\t\t\t\t\t\t<span class=\"elementor-icon-list-text\">J\u00e4rva maakond, Paide linn, Suurpalu k\u00fcla, Koila, 72605, Eesti, EU<\/span>\n\t\t\t\t\t\t\t\t\t\t\t<\/a>\n\t\t\t\t\t\t\t\t\t<\/li>\n\t\t\t\t\t\t<\/ul>\n\t\t\t\t\t\t<\/div>\n\t\t\t\t<\/div>\n\t\t\t\t\t<\/div>\n\t\t<\/div>\n\t\t\t\t<div class=\"elementor-column elementor-col-66 elementor-inner-column elementor-element elementor-element-16bede5\" data-id=\"16bede5\" data-element_type=\"column\" data-e-type=\"column\">\n\t\t\t<div class=\"elementor-widget-wrap elementor-element-populated\">\n\t\t\t\t\t\t<div class=\"elementor-element elementor-element-0652fae elementor-widget-divider--view-line elementor-widget elementor-widget-divider\" data-id=\"0652fae\" data-element_type=\"widget\" data-e-type=\"widget\" data-widget_type=\"divider.default\">\n\t\t\t\t<div class=\"elementor-widget-container\">\n\t\t\t\t\t\t\t<div class=\"elementor-divider\">\n\t\t\t<span class=\"elementor-divider-separator\">\n\t\t\t\t\t\t<\/span>\n\t\t<\/div>\n\t\t\t\t\t\t<\/div>\n\t\t\t\t<\/div>\n\t\t\t\t<div class=\"elementor-element elementor-element-2a89d87 elementor-widget elementor-widget-heading\" data-id=\"2a89d87\" data-element_type=\"widget\" data-e-type=\"widget\" data-widget_type=\"heading.default\">\n\t\t\t\t<div class=\"elementor-widget-container\">\n\t\t\t\t\t<h3 class=\"elementor-heading-title elementor-size-default\">Saada s\u00f5num<\/h3>\t\t\t\t<\/div>\n\t\t\t\t<\/div>\n\t\t\t\t<div class=\"elementor-element elementor-element-22d2a08 elementor-widget elementor-widget-wpforms\" data-id=\"22d2a08\" data-element_type=\"widget\" data-e-type=\"widget\" data-widget_type=\"wpforms.default\">\n\t\t\t\t<div class=\"elementor-widget-container\">\n\t\t\t\t\t<div class=\"wpforms-container \" id=\"wpforms-9\"><form id=\"wpforms-form-9\" class=\"wpforms-validate wpforms-form\" data-formid=\"9\" method=\"post\" enctype=\"multipart\/form-data\" action=\"\/sv\/wp-json\/wp\/v2\/pages\/15\" data-token=\"30aebd71e21102d4c38a197ec0cc2560\" data-token-time=\"1776395066\"><noscript class=\"wpforms-error-noscript\">Aktivera JavaScript i din webbl\u00e4sare f\u00f6r att fylla i formul\u00e4ret.<\/noscript><div class=\"wpforms-field-container\"><div id=\"wpforms-9-field_0-container\" class=\"wpforms-field wpforms-field-name\" data-field-id=\"0\"><label class=\"wpforms-field-label\" for=\"wpforms-9-field_0\">Nimi <span class=\"wpforms-required-label\">*<\/span><\/label><input type=\"text\" id=\"wpforms-9-field_0\" class=\"wpforms-field-large wpforms-field-required\" name=\"wpforms[fields][0]\" required><\/div><div id=\"wpforms-9-field_1-container\" class=\"wpforms-field wpforms-field-email\" data-field-id=\"1\"><label class=\"wpforms-field-label\" for=\"wpforms-9-field_1\">Email <span class=\"wpforms-required-label\">*<\/span><\/label><input type=\"email\" id=\"wpforms-9-field_1\" class=\"wpforms-field-large wpforms-field-required\" name=\"wpforms[fields][1]\" spellcheck=\"false\" required><\/div><div id=\"wpforms-9-field_2-container\" class=\"wpforms-field wpforms-field-textarea\" data-field-id=\"2\"><label class=\"wpforms-field-label\" for=\"wpforms-9-field_2\">S\u00f5num <span class=\"wpforms-required-label\">*<\/span><\/label><textarea id=\"wpforms-9-field_2\" class=\"wpforms-field-medium wpforms-field-required\" name=\"wpforms[fields][2]\" required><\/textarea><\/div><\/div><!-- .wpforms-field-container --><div class=\"wpforms-submit-container\" ><input type=\"hidden\" name=\"wpforms[id]\" value=\"9\"><input type=\"hidden\" name=\"page_title\" value=\"\"><input type=\"hidden\" name=\"page_url\" value=\"https:\/\/aij.ee\/sv\/wp-json\/wp\/v2\/pages\/15\"><input type=\"hidden\" name=\"url_referer\" value=\"\"><button type=\"submit\" name=\"wpforms[submit]\" id=\"wpforms-submit-9\" class=\"wpforms-submit\" data-alt-text=\"Sending...\" data-submit-text=\"Saada\" aria-live=\"assertive\" value=\"wpforms-submit\">Saada<\/button><\/div><\/form><\/div>  <!-- .wpforms-container -->\t\t\t\t<\/div>\n\t\t\t\t<\/div>\n\t\t\t\t\t<\/div>\n\t\t<\/div>\n\t\t\t\t\t<\/div>\n\t\t<\/section>\n\t\t\t\t\t<\/div>\n\t\t<\/div>\n\t\t\t\t\t<\/div>\n\t\t<\/section>\n\t\t\t\t<\/div>\n\t\t","protected":false},"excerpt":{"rendered":"<p>Kontakt K\u00f5ige tihedam vihm sajab ikka katkise katusega maja kohal V\u00f5ta \u00fchendust +372 56465295 \/ +372 56722970 info@aij.ee J\u00e4rva maakond, Paide linn, Suurpalu k\u00fcla, Koila, 72605, Eesti, EU Saada s\u00f5num<\/p>","protected":false},"author":1,"featured_media":0,"parent":0,"menu_order":0,"comment_status":"closed","ping_status":"closed","template":"","meta":{"site-sidebar-layout":"no-sidebar","site-content-layout":"page-builder","ast-site-content-layout":"full-width-container","site-content-style":"unboxed","site-sidebar-style":"unboxed","ast-global-header-display":"","ast-banner-title-visibility":"","ast-main-header-display":"","ast-hfb-above-header-display":"","ast-hfb-below-header-display":"","ast-hfb-mobile-header-display":"","site-post-title":"disabled","ast-breadcrumbs-content":"disabled","ast-featured-img":"disabled","footer-sml-layout":"","ast-disable-related-posts":"","theme-transparent-header-meta":"enabled","adv-header-id-meta":"","stick-header-meta":"","header-above-stick-meta":"","header-main-stick-meta":"","header-below-stick-meta":"","astra-migrate-meta-layouts":"set","ast-page-background-enabled":"default","ast-page-background-meta":{"desktop":{"background-color":"","background-image":"","background-repeat":"repeat","background-position":"center center","background-size":"auto","background-attachment":"scroll","background-type":"","background-media":"","overlay-type":"","overlay-color":"","overlay-opacity":"","overlay-gradient":""},"tablet":{"background-color":"","background-image":"","background-repeat":"repeat","background-position":"center center","background-size":"auto","background-attachment":"scroll","background-type":"","background-media":"","overlay-type":"","overlay-color":"","overlay-opacity":"","overlay-gradient":""},"mobile":{"background-color":"","background-image":"","background-repeat":"repeat","background-position":"center center","background-size":"auto","background-attachment":"scroll","background-type":"","background-media":"","overlay-type":"","overlay-color":"","overlay-opacity":"","overlay-gradient":""}},"ast-content-background-meta":{"desktop":{"background-color":"var(--ast-global-color-5)","background-image":"","background-repeat":"repeat","background-position":"center center","background-size":"auto","background-attachment":"scroll","background-type":"","background-media":"","overlay-type":"","overlay-color":"","overlay-opacity":"","overlay-gradient":""},"tablet":{"background-color":"var(--ast-global-color-5)","background-image":"","background-repeat":"repeat","background-position":"center center","background-size":"auto","background-attachment":"scroll","background-type":"","background-media":"","overlay-type":"","overlay-color":"","overlay-opacity":"","overlay-gradient":""},"mobile":{"background-color":"var(--ast-global-color-5)","background-image":"","background-repeat":"repeat","background-position":"center center","background-size":"auto","background-attachment":"scroll","background-type":"","background-media":"","overlay-type":"","overlay-color":"","overlay-opacity":"","overlay-gradient":""}},"footnotes":""},"class_list":["post-15","page","type-page","status-publish","hentry"],"yoast_head":"<!-- This site is optimized with the Yoast SEO plugin v27.4 - https:\/\/yoast.com\/product\/yoast-seo-wordpress\/ -->\n<title>AIJ | Kontakt, p\u00e4ringud ja koost\u00f6\u00f6v\u00f5imalused<\/title>\n<meta name=\"description\" content=\"V\u00f5ta \u00fchendust AIJiga \u2013 esita k\u00fcsimus, saada p\u00e4ring v\u00f5i uuri koost\u00f6\u00f6v\u00f5imalusi. Meie meeskond vastab kiiresti ja professionaalselt ning leiab sobiva lahenduse.\" \/>\n<meta name=\"robots\" content=\"index, follow, max-snippet:-1, max-image-preview:large, max-video-preview:-1\" \/>\n<link rel=\"canonical\" href=\"https:\/\/aij.ee\/sv\/contact\/\" \/>\n<meta property=\"og:locale\" content=\"sv_SE\" \/>\n<meta property=\"og:type\" content=\"article\" \/>\n<meta property=\"og:title\" content=\"AIJ | Kontakt, p\u00e4ringud ja koost\u00f6\u00f6v\u00f5imalused\" \/>\n<meta property=\"og:description\" content=\"V\u00f5ta \u00fchendust AIJiga \u2013 esita k\u00fcsimus, saada p\u00e4ring v\u00f5i uuri koost\u00f6\u00f6v\u00f5imalusi. Meie meeskond vastab kiiresti ja professionaalselt ning leiab sobiva lahenduse.\" \/>\n<meta property=\"og:url\" content=\"https:\/\/aij.ee\/sv\/contact\/\" \/>\n<meta property=\"og:site_name\" content=\"AIJ Group O\u00dc\" \/>\n<meta property=\"article:modified_time\" content=\"2026-02-11T07:03:54+00:00\" \/>\n<meta name=\"twitter:card\" content=\"summary_large_image\" \/>\n<meta name=\"twitter:label1\" content=\"Ber\u00e4knad l\u00e4stid\" \/>\n\t<meta name=\"twitter:data1\" content=\"1 minut\" \/>\n<script type=\"application\/ld+json\" class=\"yoast-schema-graph\">{\"@context\":\"https:\\\/\\\/schema.org\",\"@graph\":[{\"@type\":\"WebPage\",\"@id\":\"https:\\\/\\\/aij.ee\\\/contact\\\/\",\"url\":\"https:\\\/\\\/aij.ee\\\/contact\\\/\",\"name\":\"AIJ | Kontakt, p\u00e4ringud ja koost\u00f6\u00f6v\u00f5imalused\",\"isPartOf\":{\"@id\":\"https:\\\/\\\/aij.ee\\\/#website\"},\"datePublished\":\"2021-02-23T10:07:14+00:00\",\"dateModified\":\"2026-02-11T07:03:54+00:00\",\"description\":\"V\u00f5ta \u00fchendust AIJiga \u2013 esita k\u00fcsimus, saada p\u00e4ring v\u00f5i uuri koost\u00f6\u00f6v\u00f5imalusi. Meie meeskond vastab kiiresti ja professionaalselt ning leiab sobiva lahenduse.\",\"breadcrumb\":{\"@id\":\"https:\\\/\\\/aij.ee\\\/contact\\\/#breadcrumb\"},\"inLanguage\":\"sv-SE\",\"potentialAction\":[{\"@type\":\"ReadAction\",\"target\":[\"https:\\\/\\\/aij.ee\\\/contact\\\/\"]}]},{\"@type\":\"BreadcrumbList\",\"@id\":\"https:\\\/\\\/aij.ee\\\/contact\\\/#breadcrumb\",\"itemListElement\":[{\"@type\":\"ListItem\",\"position\":1,\"name\":\"Home\",\"item\":\"https:\\\/\\\/aij.ee\\\/\"},{\"@type\":\"ListItem\",\"position\":2,\"name\":\"Kontakt\"}]},{\"@type\":\"WebSite\",\"@id\":\"https:\\\/\\\/aij.ee\\\/#website\",\"url\":\"https:\\\/\\\/aij.ee\\\/\",\"name\":\"AIJ Group O\u00dc\",\"description\":\"32 aastat pidevat kogemust katuste ja terrasside alal\",\"publisher\":{\"@id\":\"https:\\\/\\\/aij.ee\\\/#organization\"},\"potentialAction\":[{\"@type\":\"SearchAction\",\"target\":{\"@type\":\"EntryPoint\",\"urlTemplate\":\"https:\\\/\\\/aij.ee\\\/?s={search_term_string}\"},\"query-input\":{\"@type\":\"PropertyValueSpecification\",\"valueRequired\":true,\"valueName\":\"search_term_string\"}}],\"inLanguage\":\"sv-SE\"},{\"@type\":\"Organization\",\"@id\":\"https:\\\/\\\/aij.ee\\\/#organization\",\"name\":\"AIJ Group O\u00dc\",\"url\":\"https:\\\/\\\/aij.ee\\\/\",\"logo\":{\"@type\":\"ImageObject\",\"inLanguage\":\"sv-SE\",\"@id\":\"https:\\\/\\\/aij.ee\\\/#\\\/schema\\\/logo\\\/image\\\/\",\"url\":\"https:\\\/\\\/aij.ee\\\/wp-content\\\/uploads\\\/2023\\\/03\\\/AIJ_Logo_2_-removebg-preview.png\",\"contentUrl\":\"https:\\\/\\\/aij.ee\\\/wp-content\\\/uploads\\\/2023\\\/03\\\/AIJ_Logo_2_-removebg-preview.png\",\"width\":650,\"height\":341,\"caption\":\"AIJ Group O\u00dc\"},\"image\":{\"@id\":\"https:\\\/\\\/aij.ee\\\/#\\\/schema\\\/logo\\\/image\\\/\"}}]}<\/script>\n<!-- \/ Yoast SEO plugin. -->","yoast_head_json":{"title":"AIJ | Kontakt, p\u00e4ringud ja koost\u00f6\u00f6v\u00f5imalused","description":"V\u00f5ta \u00fchendust AIJiga \u2013 esita k\u00fcsimus, saada p\u00e4ring v\u00f5i uuri koost\u00f6\u00f6v\u00f5imalusi. Meie meeskond vastab kiiresti ja professionaalselt ning leiab sobiva lahenduse.","robots":{"index":"index","follow":"follow","max-snippet":"max-snippet:-1","max-image-preview":"max-image-preview:large","max-video-preview":"max-video-preview:-1"},"canonical":"https:\/\/aij.ee\/sv\/contact\/","og_locale":"sv_SE","og_type":"article","og_title":"AIJ | Kontakt, p\u00e4ringud ja koost\u00f6\u00f6v\u00f5imalused","og_description":"V\u00f5ta \u00fchendust AIJiga \u2013 esita k\u00fcsimus, saada p\u00e4ring v\u00f5i uuri koost\u00f6\u00f6v\u00f5imalusi. Meie meeskond vastab kiiresti ja professionaalselt ning leiab sobiva lahenduse.","og_url":"https:\/\/aij.ee\/sv\/contact\/","og_site_name":"AIJ Group O\u00dc","article_modified_time":"2026-02-11T07:03:54+00:00","twitter_card":"summary_large_image","twitter_misc":{"Ber\u00e4knad l\u00e4stid":"1 minut"},"schema":{"@context":"https:\/\/schema.org","@graph":[{"@type":"WebPage","@id":"https:\/\/aij.ee\/contact\/","url":"https:\/\/aij.ee\/contact\/","name":"AIJ | Kontakt, p\u00e4ringud ja koost\u00f6\u00f6v\u00f5imalused","isPartOf":{"@id":"https:\/\/aij.ee\/#website"},"datePublished":"2021-02-23T10:07:14+00:00","dateModified":"2026-02-11T07:03:54+00:00","description":"V\u00f5ta \u00fchendust AIJiga \u2013 esita k\u00fcsimus, saada p\u00e4ring v\u00f5i uuri koost\u00f6\u00f6v\u00f5imalusi. Meie meeskond vastab kiiresti ja professionaalselt ning leiab sobiva lahenduse.","breadcrumb":{"@id":"https:\/\/aij.ee\/contact\/#breadcrumb"},"inLanguage":"sv-SE","potentialAction":[{"@type":"ReadAction","target":["https:\/\/aij.ee\/contact\/"]}]},{"@type":"BreadcrumbList","@id":"https:\/\/aij.ee\/contact\/#breadcrumb","itemListElement":[{"@type":"ListItem","position":1,"name":"Home","item":"https:\/\/aij.ee\/"},{"@type":"ListItem","position":2,"name":"Kontakt"}]},{"@type":"WebSite","@id":"https:\/\/aij.ee\/#website","url":"https:\/\/aij.ee\/","name":"AIJ Group O\u00dc","description":"30 \u00e5rs kontinuerlig erfarenhet med taker och terrasser","publisher":{"@id":"https:\/\/aij.ee\/#organization"},"potentialAction":[{"@type":"SearchAction","target":{"@type":"EntryPoint","urlTemplate":"https:\/\/aij.ee\/?s={search_term_string}"},"query-input":{"@type":"PropertyValueSpecification","valueRequired":true,"valueName":"search_term_string"}}],"inLanguage":"sv-SE"},{"@type":"Organization","@id":"https:\/\/aij.ee\/#organization","name":"AIJ Group O\u00dc","url":"https:\/\/aij.ee\/","logo":{"@type":"ImageObject","inLanguage":"sv-SE","@id":"https:\/\/aij.ee\/#\/schema\/logo\/image\/","url":"https:\/\/aij.ee\/wp-content\/uploads\/2023\/03\/AIJ_Logo_2_-removebg-preview.png","contentUrl":"https:\/\/aij.ee\/wp-content\/uploads\/2023\/03\/AIJ_Logo_2_-removebg-preview.png","width":650,"height":341,"caption":"AIJ Group O\u00dc"},"image":{"@id":"https:\/\/aij.ee\/#\/schema\/logo\/image\/"}}]}},"_links":{"self":[{"href":"https:\/\/aij.ee\/sv\/wp-json\/wp\/v2\/pages\/15","targetHints":{"allow":["GET"]}}],"collection":[{"href":"https:\/\/aij.ee\/sv\/wp-json\/wp\/v2\/pages"}],"about":[{"href":"https:\/\/aij.ee\/sv\/wp-json\/wp\/v2\/types\/page"}],"author":[{"embeddable":true,"href":"https:\/\/aij.ee\/sv\/wp-json\/wp\/v2\/users\/1"}],"replies":[{"embeddable":true,"href":"https:\/\/aij.ee\/sv\/wp-json\/wp\/v2\/comments?post=15"}],"version-history":[{"count":5,"href":"https:\/\/aij.ee\/sv\/wp-json\/wp\/v2\/pages\/15\/revisions"}],"predecessor-version":[{"id":1505,"href":"https:\/\/aij.ee\/sv\/wp-json\/wp\/v2\/pages\/15\/revisions\/1505"}],"wp:attachment":[{"href":"https:\/\/aij.ee\/sv\/wp-json\/wp\/v2\/media?parent=15"}],"curies":[{"name":"wp","href":"https:\/\/api.w.org\/{rel}","templated":true}]}}